{"id":24,"date":"2022-04-08T09:47:12","date_gmt":"2022-04-08T09:47:12","guid":{"rendered":"https:\/\/otium.sarafolch.com\/?page_id=24"},"modified":"2022-04-08T12:22:45","modified_gmt":"2022-04-08T12:22:45","slug":"home","status":"publish","type":"page","link":"https:\/\/otium.sarafolch.com\/","title":{"rendered":"Home"},"content":{"rendered":"<p>[et_pb_section fb_built=&#8221;1&#8243; _builder_version=&#8221;4.17.0&#8243; _module_preset=&#8221;default&#8221; background_color=&#8221;#e4e0db&#8221; global_colors_info=&#8221;{}&#8221;][et_pb_row _builder_version=&#8221;4.17.0&#8243; _module_preset=&#8221;default&#8221; global_colors_info=&#8221;{}&#8221;][et_pb_column type=&#8221;4_4&#8243; _builder_version=&#8221;4.17.0&#8243; _module_preset=&#8221;default&#8221; global_colors_info=&#8221;{}&#8221;][et_pb_video src=&#8221;https:\/\/youtu.be\/3zJk_VuHpW0&#8243; src_webm=&#8221;https:\/\/youtu.be\/3zJk_VuHpW0&#8243; image_src=&#8221;\/\/i.ytimg.com\/vi\/3zJk_VuHpW0\/hqdefault.jpg&#8221; _builder_version=&#8221;4.17.0&#8243; _module_preset=&#8221;default&#8221; global_colors_info=&#8221;{}&#8221;][\/et_pb_video][\/et_pb_column][\/et_pb_row][et_pb_row column_structure=&#8221;1_3,1_3,1_3&#8243; _builder_version=&#8221;4.17.0&#8243; _module_preset=&#8221;default&#8221; global_colors_info=&#8221;{}&#8221;][et_pb_column type=&#8221;1_3&#8243; _builder_version=&#8221;4.17.0&#8243; _module_preset=&#8221;default&#8221; global_colors_info=&#8221;{}&#8221;][et_pb_image src=&#8221;https:\/\/otium.sarafolch.com\/wp-content\/uploads\/2022\/04\/IMG_4288-HDRhigh.jpg&#8221; title_text=&#8221;_IMG_4288-HDRhigh&#8221; _builder_version=&#8221;4.17.0&#8243; _module_preset=&#8221;default&#8221; global_colors_info=&#8221;{}&#8221;][\/et_pb_image][\/et_pb_column][et_pb_column type=&#8221;1_3&#8243; _builder_version=&#8221;4.17.0&#8243; _module_preset=&#8221;default&#8221; global_colors_info=&#8221;{}&#8221;][et_pb_button button_url=&#8221;https:\/\/drive.google.com\/drive\/u\/1\/folders\/1RoHgjhOJYpz9l_GLPp4n-Q3XQyYk9VEy&#8221; button_text=&#8221;+ Informaci\u00f3n&#8221; button_alignment=&#8221;center&#8221; button_alignment_tablet=&#8221;center&#8221; button_alignment_phone=&#8221;center&#8221; button_alignment_last_edited=&#8221;on|desktop&#8221; _builder_version=&#8221;4.17.0&#8243; _module_preset=&#8221;default&#8221; custom_button=&#8221;on&#8221; button_text_color=&#8221;#000000&#8243; button_border_color=&#8221;#000000&#8243; button_use_icon=&#8221;off&#8221; background_layout=&#8221;dark&#8221; custom_margin=&#8221;83px||||false|false&#8221; custom_margin_tablet=&#8221;0px||||false|false&#8221; custom_margin_phone=&#8221;0px||||false|false&#8221; custom_margin_last_edited=&#8221;on|desktop&#8221; global_colors_info=&#8221;{}&#8221;][\/et_pb_button][\/et_pb_column][et_pb_column type=&#8221;1_3&#8243; _builder_version=&#8221;4.17.0&#8243; _module_preset=&#8221;default&#8221; global_colors_info=&#8221;{}&#8221;][et_pb_image src=&#8221;https:\/\/otium.sarafolch.com\/wp-content\/uploads\/2022\/04\/IMG_4229high.jpg&#8221; title_text=&#8221;IMG_4229high&#8221; _builder_version=&#8221;4.17.0&#8243; _module_preset=&#8221;default&#8221; global_colors_info=&#8221;{}&#8221;][\/et_pb_image][\/et_pb_column][\/et_pb_row][et_pb_row column_structure=&#8221;1_3,1_3,1_3&#8243; _builder_version=&#8221;4.17.0&#8243; _module_preset=&#8221;default&#8221; global_colors_info=&#8221;{}&#8221;][et_pb_column type=&#8221;1_3&#8243; _builder_version=&#8221;4.17.0&#8243; _module_preset=&#8221;default&#8221; global_colors_info=&#8221;{}&#8221;][et_pb_text _builder_version=&#8221;4.17.0&#8243; _module_preset=&#8221;default&#8221; global_colors_info=&#8221;{}&#8221;]<\/p>\n<p><strong>JUNG ELECTRO IB\u00c9RICA, S.A. <\/strong><\/p>\n<p>Avda. el Pla, 9<br \/>Pol. Ind. El Pla<br \/>08185 Lli\u00e7\u00e0 de Vall (Barcelona)<\/p>\n<p><a href=\"http:\/\/www.jung.de\/es\/\">www.jung.de\/es\/<\/a><\/p>\n<p><a href=\"mailto:l.llorente@jungiberica.es\">l.llorente@jungiberica.es<\/a><\/p>\n<p>[\/et_pb_text][\/et_pb_column][et_pb_column type=&#8221;1_3&#8243; _builder_version=&#8221;4.17.0&#8243; _module_preset=&#8221;default&#8221; global_colors_info=&#8221;{}&#8221;][\/et_pb_column][et_pb_column type=&#8221;1_3&#8243; _builder_version=&#8221;4.17.0&#8243; _module_preset=&#8221;default&#8221; global_colors_info=&#8221;{}&#8221;][et_pb_text _builder_version=&#8221;4.17.0&#8243; _module_preset=&#8221;default&#8221; global_colors_info=&#8221;{}&#8221;]<\/p>\n<p><strong>SARA FOLCH DESIGN<\/strong><\/p>\n<p>Avda. Diagonal 491, \u00c1tico 1 Barcelona<br \/>08029 Barcelona<\/p>\n<p><a href=\"http:\/\/www.sarafolch.com\">www.sarafolch.com<\/a><\/p>\n<p><a href=\"mailto:design@sarafolch.com\">design@sarafolch.com<\/a><\/p>\n<p>[\/et_pb_text][\/et_pb_column][\/et_pb_row][\/et_pb_section]<\/p>\n","protected":false},"excerpt":{"rendered":"<p>JUNG ELECTRO IB\u00c9RICA, S.A. Avda. el Pla, 9Pol. Ind. El Pla08185 Lli\u00e7\u00e0 de Vall (Barcelona) www.jung.de\/es\/ l.llorente@jungiberica.esSARA FOLCH DESIGN Avda. Diagonal 491, \u00c1tico 1 Barcelona08029 Barcelona www.sarafolch.com design@sarafolch.com<\/p>\n","protected":false},"author":2,"featured_media":0,"parent":0,"menu_order":0,"comment_status":"closed","ping_status":"closed","template":"","meta":{"_et_pb_use_builder":"on","_et_pb_old_content":"","_et_gb_content_width":"","footnotes":""},"class_list":["post-24","page","type-page","status-publish","hentry"],"_links":{"self":[{"href":"https:\/\/otium.sarafolch.com\/index.php?rest_route=\/wp\/v2\/pages\/24","targetHints":{"allow":["GET"]}}],"collection":[{"href":"https:\/\/otium.sarafolch.com\/index.php?rest_route=\/wp\/v2\/pages"}],"about":[{"href":"https:\/\/otium.sarafolch.com\/index.php?rest_route=\/wp\/v2\/types\/page"}],"author":[{"embeddable":true,"href":"https:\/\/otium.sarafolch.com\/index.php?rest_route=\/wp\/v2\/users\/2"}],"replies":[{"embeddable":true,"href":"https:\/\/otium.sarafolch.com\/index.php?rest_route=%2Fwp%2Fv2%2Fcomments&post=24"}],"version-history":[{"count":11,"href":"https:\/\/otium.sarafolch.com\/index.php?rest_route=\/wp\/v2\/pages\/24\/revisions"}],"predecessor-version":[{"id":56,"href":"https:\/\/otium.sarafolch.com\/index.php?rest_route=\/wp\/v2\/pages\/24\/revisions\/56"}],"wp:attachment":[{"href":"https:\/\/otium.sarafolch.com\/index.php?rest_route=%2Fwp%2Fv2%2Fmedia&parent=24"}],"curies":[{"name":"wp","href":"https:\/\/api.w.org\/{rel}","templated":true}]}}